{"id":381,"date":"2024-01-16T14:59:47","date_gmt":"2024-01-16T13:59:47","guid":{"rendered":"https:\/\/neu.zutun.info\/?page_id=381"},"modified":"2024-09-25T16:25:23","modified_gmt":"2024-09-25T14:25:23","slug":"barrierefreiheitserklaerung","status":"publish","type":"page","link":"https:\/\/zutun.info\/de-ls\/barrierefreiheitserklaerung\/","title":{"rendered":"Barrierefreiheitserkl\u00e4rung"},"content":{"rendered":"\n<p>Wir, der Zutun e.V., sind bem\u00fcht, unsere Website <strong><a href=\"https:\/\/zutun.info\/\">https:\/\/zutun.info\/<\/a><\/strong> im Einklang mit den nationalen Rechtsvorschriften zur Barrierefreiheit zug\u00e4nglich zu machen.<\/p>\n\n\n\n<hr class=\"wp-block-separator has-alpha-channel-opacity\"\/>\n\n\n\n<p><strong>Stand der Vereinbarkeit mit den Anforderungen<\/strong><\/p>\n\n\n\n<p>Diese Website ist <strong>teilweise barrierefrei<\/strong> gem\u00e4\u00df den Vorgaben der <strong>Barrierefreie-Informationstechnik-Verordnung (BITV) 2.0<\/strong>.<\/p>\n\n\n\n<p><em>Unvereinbarkeiten:<\/em><\/p>\n\n\n\n<ul class=\"wp-block-list\">\n<li>Unvereinbarkeiten werden noch gepr\u00fcft und gesammelt.<\/li>\n<\/ul>\n\n\n\n<hr class=\"wp-block-separator has-alpha-channel-opacity\"\/>\n\n\n\n<p><strong>Erstellung dieser Erkl\u00e4rung zur Barrierefreiheit<\/strong><\/p>\n\n\n\n<p>Diese Erkl\u00e4rung wurde am <strong>25.09.2024<\/strong> erstellt und zuletzt am <strong>25.09.2024<\/strong> \u00fcberpr\u00fcft.<\/p>\n\n\n\n<p>Die Einsch\u00e4tzung basiert auf einer<strong> Selbstbewertung<\/strong>.<\/p>\n\n\n\n<hr class=\"wp-block-separator has-alpha-channel-opacity\"\/>\n\n\n\n<p><strong>Feedback und Kontaktangaben<\/strong><\/p>\n\n\n\n<p>Wenn dir M\u00e4ngel in Bezug auf die barrierefreie Gestaltung unserer Website auffallen, kannst du dich gerne an uns wenden.<\/p>\n\n\n\n<p>Benutze bitte unser <a href=\"https:\/\/zutun.info\/kontakt\/#feedback\">Feedback-Formular<\/a> daf\u00fcr. Alternative Kontaktm\u00f6glichkeiten:<\/p>\n\n\n\n<ul class=\"wp-block-list\">\n<li><strong>E-Mail:<\/strong> <\/li>\n\n\n\n<li>anfrage@zutun.info<\/li>\n\n\n\n<li><strong>Postanschrift:<\/strong> <\/li>\n\n\n\n<li>Zutun e.V. Leipzig<br>Kreuzstra\u00dfe 19<br>04103 Leipzig<\/li>\n<\/ul>\n\n\n\n<hr class=\"wp-block-separator has-alpha-channel-opacity\"\/>\n\n\n\n<p><strong>Unser Engagement<\/strong><\/p>\n\n\n\n<p>Wir arbeiten kontinuierlich daran, die Barrierefreiheit unserer Website zu verbessern und hoffen, dass alle Personen einen uneingeschr\u00e4nkten Zugang zu unseren Inhalten haben.<\/p>\n","protected":false},"excerpt":{"rendered":"<p>Wir, der Zutun e.V., sind bem\u00fcht, unsere Website https:\/\/zutun.info\/ im Einklang mit den nationalen Rechtsvorschriften zur Barrierefreiheit zug\u00e4nglich zu machen. Stand der Vereinbarkeit mit den Anforderungen Diese Website ist teilweise barrierefrei gem\u00e4\u00df den Vorgaben der Barrierefreie-Informationstechnik-Verordnung (BITV) 2.0. Unvereinbarkeiten: Erstellung dieser Erkl\u00e4rung zur Barrierefreiheit Diese Erkl\u00e4rung wurde am 25.09.2024 erstellt und zuletzt am 25.09.2024 \u00fcberpr\u00fcft. [&hellip;]<\/p>\n","protected":false},"author":1,"featured_media":0,"parent":0,"menu_order":13,"comment_status":"closed","ping_status":"closed","template":"","meta":{"footnotes":""},"categories":[],"class_list":["post-381","page","type-page","status-publish","hentry"],"_links":{"self":[{"href":"https:\/\/zutun.info\/de-ls\/wp-json\/wp\/v2\/pages\/381","targetHints":{"allow":["GET"]}}],"collection":[{"href":"https:\/\/zutun.info\/de-ls\/wp-json\/wp\/v2\/pages"}],"about":[{"href":"https:\/\/zutun.info\/de-ls\/wp-json\/wp\/v2\/types\/page"}],"author":[{"embeddable":true,"href":"https:\/\/zutun.info\/de-ls\/wp-json\/wp\/v2\/users\/1"}],"replies":[{"embeddable":true,"href":"https:\/\/zutun.info\/de-ls\/wp-json\/wp\/v2\/comments?post=381"}],"version-history":[{"count":0,"href":"https:\/\/zutun.info\/de-ls\/wp-json\/wp\/v2\/pages\/381\/revisions"}],"wp:attachment":[{"href":"https:\/\/zutun.info\/de-ls\/wp-json\/wp\/v2\/media?parent=381"}],"wp:term":[{"taxonomy":"category","embeddable":true,"href":"https:\/\/zutun.info\/de-ls\/wp-json\/wp\/v2\/categories?post=381"}],"curies":[{"name":"wp","href":"https:\/\/api.w.org\/{rel}","templated":true}]}}