{"id":379,"date":"2024-01-16T14:59:10","date_gmt":"2024-01-16T13:59:10","guid":{"rendered":"https:\/\/neu.zutun.info\/?page_id=379"},"modified":"2024-09-19T16:22:34","modified_gmt":"2024-09-19T14:22:34","slug":"spenden","status":"publish","type":"page","link":"https:\/\/zutun.info\/de-ls\/spenden\/","title":{"rendered":"Spenden"},"content":{"rendered":"<style>\/*! elementor - v3.21.0 - 15-04-2024 *\/\n.elementor-heading-title{padding:0;margin:0;line-height:1}.elementor-widget-heading .elementor-heading-title[class*=elementor-size-]>a{color:inherit;font-size:inherit;line-height:inherit}.elementor-widget-heading .elementor-heading-title.elementor-size-small{font-size:15px}.elementor-widget-heading .elementor-heading-title.elementor-size-medium{font-size:19px}.elementor-widget-heading .elementor-heading-title.elementor-size-large{font-size:29px}.elementor-widget-heading .elementor-heading-title.elementor-size-xl{font-size:39px}.elementor-widget-heading .elementor-heading-title.elementor-size-xxl{font-size:59px}<\/style>\n<h1>Spenden<\/h1>\n<p>Workshop-material, B\u00fcroartikel, Einrichtung, Miete und so weiter das alles kostet.<\/p>\n<p>\u00a0<\/p>\n<p>Da wir ein ehrenamtlicher Verein sind, freuen wir uns \u00fcber jede kleine und gro\u00dfe Spende.<\/p>\n<p>Dankesch\u00f6n \ud83d\ude42<\/p>\n<p>\t\t\t<a href=\"#weiter\"><br \/>\n\t\t\t<svg aria-hidden=\"true\" viewBox=\"0 0 448 512\" xmlns=\"http:\/\/www.w3.org\/2000\/svg\"><path d=\"M413.1 222.5l22.2 22.2c9.4 9.4 9.4 24.6 0 33.9L241 473c-9.4 9.4-24.6 9.4-33.9 0L12.7 278.6c-9.4-9.4-9.4-24.6 0-33.9l22.2-22.2c9.5-9.5 25-9.3 34.3.4L184 343.4V56c0-13.3 10.7-24 24-24h32c13.3 0 24 10.7 24 24v287.4l114.8-120.5c9.3-9.8 24.8-10 34.3-.4z\"><\/path><\/svg>\t\t\t<\/a><\/p>\n<h2>Wie kannst du spenden?<\/h2>\n<p>Wenn du etwas spenden m\u00f6chtest, kannst du dies \u00fcber die zwei Buttons unter diesem Text machen. Alle Spenden werden genutzt um neue Projekte und Angebote zu finanzieren. Ihr k\u00f6nnt aber auch einen bestimmten Spendenzweck in der \u00dcberweisung\/im Betreff vermerken.<\/p>\n<p>Jede Spende hilft uns!<\/p>\n<p>\t\t\t<a href=\"https:\/\/www.paypal.com\/donate\/?hosted_button_id=NNAFZHAVPXN34&#038;fbclid=PAAaZXE6cKQYL1_WWnbzBFVxjXhyboEwcvQTP7EvfqjrmdXqFCA2OySDBD7Js\" target=\"_blank\" rel=\"noopener\"><br \/>\n\t\t\t\t<svg aria-hidden=\"true\" viewBox=\"0 0 384 512\" xmlns=\"http:\/\/www.w3.org\/2000\/svg\"><path d=\"M111.4 295.9c-3.5 19.2-17.4 108.7-21.5 134-.3 1.8-1 2.5-3 2.5H12.3c-7.6 0-13.1-6.6-12.1-13.9L58.8 46.6c1.5-9.6 10.1-16.9 20-16.9 152.3 0 165.1-3.7 204 11.4 60.1 23.3 65.6 79.5 44 140.3-21.5 62.6-72.5 89.5-140.1 90.3-43.4.7-69.5-7-75.3 24.2zM357.1 152c-1.8-1.3-2.5-1.8-3 1.3-2 11.4-5.1 22.5-8.8 33.6-39.9 113.8-150.5 103.9-204.5 103.9-6.1 0-10.1 3.3-10.9 9.4-22.6 140.4-27.1 169.7-27.1 169.7-1 7.1 3.5 12.9 10.6 12.9h63.5c8.6 0 15.7-6.3 17.4-14.9.7-5.4-1.1 6.1 14.4-91.3 4.6-22 14.3-19.7 29.3-19.7 71 0 126.4-28.8 142.9-112.3 6.5-34.8 4.6-71.4-23.8-92.6z\"><\/path><\/svg><br \/>\n\t\t\t\t\t\t\t\t\tPayPal Spende<br \/>\n\t\t\t\t\t<\/a><br \/>\n\t\t\t<a role=\"button\"><br \/>\n\t\t\t\t<svg aria-hidden=\"true\" viewBox=\"0 0 640 512\" xmlns=\"http:\/\/www.w3.org\/2000\/svg\"><path d=\"M0 448c0 17.67 14.33 32 32 32h576c17.67 0 32-14.33 32-32V128H0v320zm448-208c0-8.84 7.16-16 16-16h96c8.84 0 16 7.16 16 16v32c0 8.84-7.16 16-16 16h-96c-8.84 0-16-7.16-16-16v-32zm0 120c0-4.42 3.58-8 8-8h112c4.42 0 8 3.58 8 8v16c0 4.42-3.58 8-8 8H456c-4.42 0-8-3.58-8-8v-16zM64 264c0-4.42 3.58-8 8-8h304c4.42 0 8 3.58 8 8v16c0 4.42-3.58 8-8 8H72c-4.42 0-8-3.58-8-8v-16zm0 96c0-4.42 3.58-8 8-8h176c4.42 0 8 3.58 8 8v16c0 4.42-3.58 8-8 8H72c-4.42 0-8-3.58-8-8v-16zM624 32H16C7.16 32 0 39.16 0 48v48h640V48c0-8.84-7.16-16-16-16z\"><\/path><\/svg><br \/>\n\t\t\t\t\t\t\t\t\tBank\u00fcberwei\u00dfung<br \/>\n\t\t\t\t\t<\/a><br \/>\n\t\t[elementor-template id=&#8221;476&#8243;][elementor-template id=&#8221;545&#8243;]<\/p>\n","protected":false},"excerpt":{"rendered":"<p>Spenden Workshop-material, B\u00fcroartikel, Einrichtung, Miete und so weiter das alles kostet. \u00a0 Da wir ein ehrenamtlicher Verein sind, freuen wir uns \u00fcber jede kleine und gro\u00dfe Spende. Dankesch\u00f6n \ud83d\ude42 Wie kannst du spenden? Wenn du etwas spenden m\u00f6chtest, kannst du dies \u00fcber die zwei Buttons unter diesem Text machen. Alle Spenden werden genutzt um neue [&hellip;]<\/p>\n","protected":false},"author":1,"featured_media":441,"parent":0,"menu_order":11,"comment_status":"closed","ping_status":"closed","template":"","meta":{"footnotes":""},"categories":[],"class_list":["post-379","page","type-page","status-publish","has-post-thumbnail","hentry"],"_links":{"self":[{"href":"https:\/\/zutun.info\/de-ls\/wp-json\/wp\/v2\/pages\/379","targetHints":{"allow":["GET"]}}],"collection":[{"href":"https:\/\/zutun.info\/de-ls\/wp-json\/wp\/v2\/pages"}],"about":[{"href":"https:\/\/zutun.info\/de-ls\/wp-json\/wp\/v2\/types\/page"}],"author":[{"embeddable":true,"href":"https:\/\/zutun.info\/de-ls\/wp-json\/wp\/v2\/users\/1"}],"replies":[{"embeddable":true,"href":"https:\/\/zutun.info\/de-ls\/wp-json\/wp\/v2\/comments?post=379"}],"version-history":[{"count":0,"href":"https:\/\/zutun.info\/de-ls\/wp-json\/wp\/v2\/pages\/379\/revisions"}],"wp:featuredmedia":[{"embeddable":true,"href":"https:\/\/zutun.info\/de-ls\/wp-json\/wp\/v2\/media\/441"}],"wp:attachment":[{"href":"https:\/\/zutun.info\/de-ls\/wp-json\/wp\/v2\/media?parent=379"}],"wp:term":[{"taxonomy":"category","embeddable":true,"href":"https:\/\/zutun.info\/de-ls\/wp-json\/wp\/v2\/categories?post=379"}],"curies":[{"name":"wp","href":"https:\/\/api.w.org\/{rel}","templated":true}]}}